{"id":19094,"date":"2025-03-04T13:26:41","date_gmt":"2025-03-04T12:26:41","guid":{"rendered":"https:\/\/elencinar.serverspickandroll.eu\/politica-privacidad\/"},"modified":"2025-06-03T13:18:25","modified_gmt":"2025-06-03T11:18:25","slug":"privacy-policy","status":"publish","type":"page","link":"https:\/\/www.elencinar.es\/en\/privacy-policy\/","title":{"rendered":"Privacy Policy"},"content":{"rendered":"\t\t<div data-elementor-type=\"wp-page\" data-elementor-id=\"19094\" class=\"elementor elementor-19094 elementor-3\">\n\t\t\t\t<div class=\"elementor-element elementor-element-75fbcd8 e-con-full e-flex e-con e-parent\" data-id=\"75fbcd8\" data-element_type=\"container\" data-e-type=\"container\" data-settings=\"{&quot;background_background&quot;:&quot;classic&quot;}\">\n\t\t\t\t<div class=\"elementor-element elementor-element-9a41a8c elementor-widget__width-initial exad-sticky-section-no exad-glass-effect-no elementor-widget elementor-widget-houzez_elementor_section_title\" data-id=\"9a41a8c\" data-element_type=\"widget\" data-e-type=\"widget\" data-widget_type=\"houzez_elementor_section_title.default\">\n\t\t\t\t<div class=\"elementor-widget-container\">\n\t\t\t\t\t            <div class=\"houzez_section_title_wrap section-title-module\">\n                                    <h2 class=\"houzez_section_title\">Pol\u00edtica de Privacidad<\/h2>\n                \n                            <\/div>\n            \t\t\t\t<\/div>\n\t\t\t\t<\/div>\n\t\t\t\t<\/div>\n\t\t<div class=\"elementor-element elementor-element-1caf9887 e-flex e-con-boxed e-con e-parent\" data-id=\"1caf9887\" data-element_type=\"container\" data-e-type=\"container\">\n\t\t\t\t\t<div class=\"e-con-inner\">\n\t\t\t\t<div class=\"elementor-element elementor-element-189011d6 exad-sticky-section-no exad-glass-effect-no elementor-widget elementor-widget-text-editor\" data-id=\"189011d6\" data-element_type=\"widget\" data-e-type=\"widget\" data-widget_type=\"text-editor.default\">\n\t\t\t\t<div class=\"elementor-widget-container\">\n\t\t\t\t\t\t\t\t\t\n<h2 class=\"wp-block-heading\">\u00a0<\/h2>\n\n<p>La presente Pol\u00edtica de Privacidad ser\u00e1 aplicable a los usuarios web de la empresa <strong>EL ENCINAR<\/strong><strong> DEL NORTE S.A<\/strong><strong>.,<\/strong> (en adelante, \u201cEL ENCINAR\u201d) en relaci\u00f3n con el tratamiento de datos personales facilitados a trav\u00e9s de las v\u00edas habilitadas en el sitio web \u00a0<a href=\"https:\/\/www.elencinar.es\/\">https:\/\/www.elencinar.es\/<\/a> de su titularidad.<\/p>\n\n<h4 class=\"wp-block-heading\"><strong>Identidad del responsable del tratamiento<\/strong><\/h4>\n\n<ul class=\"wp-block-list\">\n<li>Raz\u00f3n social: <strong>ENCINAR<\/strong><strong> DEL NORTE S.A<\/strong><\/li>\n\n<li>NIF: \u00a0A-82044173<\/li>\n\n<li>Direcci\u00f3n: Calle Camino del Cura, 233, Alcobendas, 28109, Madrid, Espa\u00f1a.<\/li>\n<\/ul>\n\n<p><br \/><br \/><\/p>\n<h4 class=\"wp-block-heading\"><strong>Datos de contacto para la gesti\u00f3n de derechos de Protecci\u00f3n de Datos<\/strong><\/h4>\n\n<p>Los interesados podr\u00e1n ponerse en contacto a trav\u00e9s de la siguiente direcci\u00f3n de correo electr\u00f3nico:\u00a0<a href=\"mailto:info@elencinar.es\">info@elencinar.es<\/a><\/p>\n\n<p><br \/><br \/><\/p>\n<h4 class=\"wp-block-heading\"><strong>Datos objeto de tratamiento<\/strong><\/h4>\n\n<p><strong>EL ENCINAR <\/strong>recoger\u00e1 y tratar\u00e1 los datos identificativos y de contacto facilitados (nombre, apellidos, n\u00famero de tel\u00e9fono y direcci\u00f3n de correo electr\u00f3nico) por los usuarios a trav\u00e9s de los canales habilitados.<\/p>\n\n<p>Adem\u00e1s, por el hecho de navegar en nuestra p\u00e1gina web y mediante el uso de cookies, <strong>EL ENCINAR <\/strong>recaba datos de los usuarios (como el tipo de navegador, el sistema operativo o la direcci\u00f3n IP), con el objeto de mejorar su navegaci\u00f3n en nuestra p\u00e1gina. Si desea obtener m\u00e1s informaci\u00f3n respecto del uso de las cookies, puede consultar nuestra Pol\u00edtica de Cookies.<\/p>\n\n<p><br \/><br \/><\/p>\n<h4 class=\"wp-block-heading\"><strong>Finalidades del tratamiento de sus datos personales y base legitimadora<\/strong><\/h4>\n\n<p><strong>EL ENCINAR <\/strong>tratar\u00e1 sus datos personales para las finalidades indicadas a continuaci\u00f3n:<\/p>\n\n<ul class=\"wp-block-list\">\n<li>Obtener informaci\u00f3n estad\u00edstica relativa al tr\u00e1fico de la p\u00e1gina web, basando el tratamiento en el consentimiento del interesado otorgado a trav\u00e9s de la configuraci\u00f3n de cookies.<\/li>\n\n<li>Gestionar su solicitud de informaci\u00f3n o contacto remitida a trav\u00e9s del formulario web, correo electr\u00f3nico u otras v\u00edas de contacto habilitadas en nuestra p\u00e1gina web, en base al consentimiento otorgado al remitirnos el formulario y su consulta.<\/li>\n\n<li>Mantenerle informado sobre nuestras ofertas, novedades y opciones de viviendas disponibles en base a su consentimiento o, en caso de que exista una relaci\u00f3n contractual, en base al inter\u00e9s leg\u00edtimo de EL ENCINAR.<\/li>\n<\/ul>\n\n<p>El hecho de no facilitar los datos solicitados e identificados como obligatorios, implicar\u00eda la imposibilidad de nuestra parte de alcanzar las finalidades anteriormente descritas.<\/p>\n\n<p><br \/><br \/><\/p>\n<h4 class=\"wp-block-heading\"><strong>Periodo de conservaci\u00f3n de los datos<\/strong><\/h4>\n\n<p>Los datos personales proporcionados por los usuarios a trav\u00e9s de nuestra p\u00e1gina web ser\u00e1n conservados durante el tiempo necesario para cumplir de manera efectiva con las finalidades arriba indicadas. Adicionalmente, los datos ser\u00e1n conservados de acuerdo con los plazos legales previstos para el ejercicio de las responsabilidades que, en su caso, se puedan derivar.<\/p>\n\n<p><br \/><br \/><\/p>\n<h4 class=\"wp-block-heading\"><strong>Destinatarios de los datos personales y transferencias internacionales de datos<\/strong><\/h4>\n\n<p>Sus datos \u00fanicamente ser\u00e1n comunicados, en la medida en que dicha comunicaci\u00f3n sea necesaria u obligatoria, de acuerdo con la legislaci\u00f3n vigente.<\/p>\n\n<p>No obstante, los datos personales de los usuarios que contraten los servicios de <strong>EL ENCINAR <\/strong>podr\u00e1n ser comunicados internamente entre las empresas de <strong>EL ENCINAR<\/strong>, en base al inter\u00e9s leg\u00edtimo existente, para la gesti\u00f3n coordinada por fines administrativos.<\/p>\n\n<p>No se ha previsto la realizaci\u00f3n de transferencias internacionales de datos personales, sin perjuicio de que la informaci\u00f3n recabada por cookies de terceros sea objeto de este tipo de operaciones. Puede obtener m\u00e1s informaci\u00f3n acerca de estas transferencias en nuestra <a href=\"https:\/\/elencinar.serverspickandroll.eu\/politica-de-cookies\/\">Pol\u00edtica de Cookies.<\/a><\/p>\n\n<p>En el caso de que fuese necesario realizar una transferencia internacional de datos, <strong>EL ENCINAR <\/strong>se compromete al cumplimiento de las medidas t\u00e9cnicas y organizativas necesarias, sin perjuicio de las obligaciones derivadas de la normativa vigente en materia de protecci\u00f3n de datos.<\/p>\n\n<p><br \/><br \/><\/p>\n<h4 class=\"wp-block-heading\"><strong>Ejercicio de los derechos de protecci\u00f3n de datos<\/strong><\/h4>\n\n<p>Le informamos de que, en cualquier momento, podr\u00e1 ejercer los derechos reconocidos en materia de protecci\u00f3n de datos:<\/p>\n\n<ul class=\"wp-block-list\">\n<li><strong>Acceso<\/strong>: permite al usuario conocer qu\u00e9 informaci\u00f3n se tiene, de d\u00f3nde se ha obtenido, a qui\u00e9n se ha facilitado y con qu\u00e9 usos se ha tratado.<\/li>\n\n<li><strong>Rectificaci\u00f3n<\/strong>: permite al usuario rectificar alg\u00fan dato err\u00f3neo o desactualizado.<\/li>\n\n<li><strong>Supresi\u00f3n<\/strong>: permite al usuario conseguir que se dejen de tratar sus datos.<\/li>\n\n<li><strong>Oposici\u00f3n: <\/strong>permite al usuario oponerse al inter\u00e9s leg\u00edtimo de <strong>EL ENCINAR <\/strong>para solicitar el cese del tratamiento de sus datos.<\/li>\n\n<li><strong>Limitaci\u00f3n<\/strong>: permite al usuario restringir el tratamiento de sus datos, pero de forma que sean conservados para alguna finalidad posterior.<\/li>\n\n<li><strong>Portabilidad<\/strong>: permite al usuario obtener una copia de sus datos en forma electr\u00f3nica y, en determinadas circunstancias, solicitar que sean comunicados a otro prestador de servicios. Solo es aplicable para tratamientos informatizados realizados con el consentimiento del interesado o para el cumplimiento de un contrato.<\/li>\n\n<li><strong>Retirar el consentimiento<\/strong>, en cualquier momento, respecto de tratamiento de sus datos personales, sin que ello afecta a la licitud del mismo.<\/li>\n<\/ul>\n\n<p>Para el ejercicio de los derechos reconocidos, el interesado podr\u00e1 ponerse en contacto a trav\u00e9s de la siguiente direcci\u00f3n de correo electr\u00f3nico: <a href=\"mailto:info@elencinar.es\">info@elencinar.es<\/a><\/p>\n\n<p>Le recordamos que en dicha comunicaci\u00f3n deber\u00e1 indicar el derecho que quiere ejercer, los datos o conjunto de datos personales objeto de su reclamaci\u00f3n y acreditar v\u00e1lidamente su identidad.<\/p>\n\n<p>Responderemos a sus peticiones a la mayor brevedad posible y, en todo caso, en el plazo de un mes desde la recepci\u00f3n de la misma. Dicho plazo podr\u00e1 prorrogarse otros dos meses en caso necesario, teniendo en cuenta la complejidad y el n\u00famero de solicitudes.<\/p>\n\n<p>Por \u00faltimo, le informamos de que, tambi\u00e9n puede acudir directamente ante la Agencia Espa\u00f1ola de Protecci\u00f3n de Datos, a trav\u00e9s de su p\u00e1gina web <a href=\"http:\/\/www.aepd.es\/\">www.aepd.es<\/a>.<\/p>\n\n<h2 class=\"wp-block-heading\"><strong>Modificaci\u00f3n de la Pol\u00edtica de Privacidad<\/strong><\/h2>\n\n<p><strong>EL ENCINAR <\/strong>se reserva el derecho a modificar la presente Pol\u00edtica de Privacidad, siempre en los t\u00e9rminos permitidos por la legislaci\u00f3n espa\u00f1ola vigente y previa comunicaci\u00f3n a los interesados mediante la publicaci\u00f3n en esta p\u00e1gina web o a trav\u00e9s de cualquier medio de comunicaci\u00f3n o difusi\u00f3n que se considere oportuno.<\/p>\n\n<p>Pol\u00edtica de Privacidad actualizada en mayo <strong>de 2025<\/strong><\/p>\n\n<p><br \/><br \/><\/p>\n<!-- \/wp:paragraph --><!-- wp:separator --><hr class=\"wp-block-separator has-alpha-channel-opacity\" \/><!-- \/wp:separator -->\t\t\t\t\t\t\t\t<\/div>\n\t\t\t\t<\/div>\n\t\t\t\t\t<\/div>\n\t\t\t\t<\/div>\n\t\t\t\t<\/div>\n\t\t","protected":false},"excerpt":{"rendered":"<p>Pol\u00edtica de Privacidad \u00a0 La presente Pol\u00edtica de Privacidad ser\u00e1 aplicable a los usuarios web de la empresa EL ENCINAR DEL NORTE S.A., (en adelante, \u201cEL ENCINAR\u201d) en relaci\u00f3n con el tratamiento de datos personales facilitados a trav\u00e9s de las v\u00edas habilitadas en el sitio web \u00a0https:\/\/www.elencinar.es\/ de su titularidad. Identidad del responsable del tratamiento [&hellip;]<\/p>\n","protected":false},"author":1,"featured_media":0,"parent":0,"menu_order":0,"comment_status":"closed","ping_status":"closed","template":"template\/template-homepage.php","meta":{"inline_featured_image":false,"_monsterinsights_skip_tracking":false,"_monsterinsights_sitenote_active":false,"_monsterinsights_sitenote_note":"","_monsterinsights_sitenote_category":0,"footnotes":""},"class_list":["post-19094","page","type-page","status-publish","hentry"],"aioseo_notices":[],"_links":{"self":[{"href":"https:\/\/www.elencinar.es\/en\/wp-json\/wp\/v2\/pages\/19094","targetHints":{"allow":["GET"]}}],"collection":[{"href":"https:\/\/www.elencinar.es\/en\/wp-json\/wp\/v2\/pages"}],"about":[{"href":"https:\/\/www.elencinar.es\/en\/wp-json\/wp\/v2\/types\/page"}],"author":[{"embeddable":true,"href":"https:\/\/www.elencinar.es\/en\/wp-json\/wp\/v2\/users\/1"}],"replies":[{"embeddable":true,"href":"https:\/\/www.elencinar.es\/en\/wp-json\/wp\/v2\/comments?post=19094"}],"version-history":[{"count":1,"href":"https:\/\/www.elencinar.es\/en\/wp-json\/wp\/v2\/pages\/19094\/revisions"}],"predecessor-version":[{"id":19107,"href":"https:\/\/www.elencinar.es\/en\/wp-json\/wp\/v2\/pages\/19094\/revisions\/19107"}],"wp:attachment":[{"href":"https:\/\/www.elencinar.es\/en\/wp-json\/wp\/v2\/media?parent=19094"}],"curies":[{"name":"wp","href":"https:\/\/api.w.org\/{rel}","templated":true}]}}